{"id":5836,"date":"2024-03-01T11:02:43","date_gmt":"2024-03-01T11:02:43","guid":{"rendered":"https:\/\/darelkhoms.ly\/?page_id=5836"},"modified":"2025-06-07T17:53:00","modified_gmt":"2025-06-07T17:53:00","slug":"film-making-and-printing-department","status":"publish","type":"page","link":"https:\/\/darelkhoms.ly\/en\/film-making-and-printing-department\/","title":{"rendered":"Film Making and Printing Department"},"content":{"rendered":"\t\t<div data-elementor-type=\"wp-page\" data-elementor-id=\"5836\" class=\"elementor elementor-5836\">\n\t\t\t\t\t\t<section class=\"elementor-section elementor-top-section elementor-element elementor-element-5d24121 elementor-section-boxed elementor-section-height-default elementor-section-height-default\" data-id=\"5d24121\" data-element_type=\"section\" data-settings=\"{&quot;background_background&quot;:&quot;classic&quot;}\">\n\t\t\t\t\t\t<div class=\"elementor-container elementor-column-gap-default\">\n\t\t\t\t\t<div class=\"elementor-column elementor-col-50 elementor-top-column elementor-element elementor-element-0e867c4\" data-id=\"0e867c4\" data-element_type=\"column\">\n\t\t\t<div class=\"elementor-widget-wrap elementor-element-populated\">\n\t\t\t\t\t\t<div class=\"elementor-element elementor-element-5811aa1 elementor-widget elementor-widget-printx-s-heading\" data-id=\"5811aa1\" data-element_type=\"widget\" data-widget_type=\"printx-s-heading.default\">\n\t\t\t\t<div class=\"elementor-widget-container\">\n\t\t\t<div class=\"ptx-section-title-4 headline-2 ver_2 text-left pera-content prthalign ptx-text-anim\">\n            <div class=\"ptx-subtitle text-uppercase wow fadeInRight\"  data-wow-delay=\"200ms\" data-wow-duration=\"1000ms\">\n            <span>Get to know<\/span>\n        <\/div>\n        <h2 class=\"ptx-sec-title ptx_text\">Film Making and Printing Department<\/h2>    <\/div>\t\t<\/div>\n\t\t\t\t<\/div>\n\t\t\t\t<div class=\"elementor-element elementor-element-a9110ff elementor-widget elementor-widget-text-editor\" data-id=\"a9110ff\" data-element_type=\"widget\" data-widget_type=\"text-editor.default\">\n\t\t\t\t<div class=\"elementor-widget-container\">\n\t\t\t<style>\/*! elementor - v3.19.0 - 07-02-2024 *\/\n.elementor-widget-text-editor.elementor-drop-cap-view-stacked .elementor-drop-cap{background-color:#69727d;color:#fff}.elementor-widget-text-editor.elementor-drop-cap-view-framed .elementor-drop-cap{color:#69727d;border:3px solid;background-color:transparent}.elementor-widget-text-editor:not(.elementor-drop-cap-view-default) .elementor-drop-cap{margin-top:8px}.elementor-widget-text-editor:not(.elementor-drop-cap-view-default) .elementor-drop-cap-letter{width:1em;height:1em}.elementor-widget-text-editor .elementor-drop-cap{float:left;text-align:center;line-height:1;font-size:50px}.elementor-widget-text-editor .elementor-drop-cap-letter{display:inline-block}<\/style>\t\t\t\t<p>In the Film Manufacturing and Printing Department at Al Khoms Printing House, we offer high-quality printing services on Pet-PVC film used in packaging. We take pride in providing innovative and advanced solutions to our customers in various industries such as water, milk, yogurt, and air fresheners.<\/p><p>Our department is characterized by deep expertise and advanced techniques in film printing, allowing us to meet customer needs with precision and efficiency. We prioritize achieving the highest levels of quality in every detail of the process, from design to the final printing on the film.<\/p><p>Whether you are looking for distinctive packaging for your product or aiming to enhance your brand identity through innovative designs, we are here to assist you. Al Khoms Printing House is a reliable destination for companies seeking excellence and innovation in the world of packaging. Contact us today for more information about our services in the Film Manufacturing and Printing Department.<\/p>\t\t\t\t\t\t<\/div>\n\t\t\t\t<\/div>\n\t\t\t\t\t<\/div>\n\t\t<\/div>\n\t\t\t\t<div class=\"elementor-column elementor-col-50 elementor-top-column elementor-element elementor-element-57f9f34\" data-id=\"57f9f34\" data-element_type=\"column\">\n\t\t\t<div class=\"elementor-widget-wrap elementor-element-populated\">\n\t\t\t\t\t\t<div class=\"elementor-element elementor-element-e3f5350 elementor-arrows-position-inside elementor-pagination-position-outside elementor-widget elementor-widget-image-carousel\" data-id=\"e3f5350\" data-element_type=\"widget\" data-settings=\"{&quot;slides_to_show&quot;:&quot;1&quot;,&quot;navigation&quot;:&quot;both&quot;,&quot;autoplay&quot;:&quot;yes&quot;,&quot;pause_on_hover&quot;:&quot;yes&quot;,&quot;pause_on_interaction&quot;:&quot;yes&quot;,&quot;autoplay_speed&quot;:5000,&quot;infinite&quot;:&quot;yes&quot;,&quot;effect&quot;:&quot;slide&quot;,&quot;speed&quot;:500}\" data-widget_type=\"image-carousel.default\">\n\t\t\t\t<div class=\"elementor-widget-container\">\n\t\t\t<style>\/*! elementor - v3.19.0 - 07-02-2024 *\/\n.elementor-widget-image-carousel .swiper,.elementor-widget-image-carousel .swiper-container{position:static}.elementor-widget-image-carousel .swiper-container .swiper-slide figure,.elementor-widget-image-carousel .swiper .swiper-slide figure{line-height:inherit}.elementor-widget-image-carousel .swiper-slide{text-align:center}.elementor-image-carousel-wrapper:not(.swiper-container-initialized):not(.swiper-initialized) .swiper-slide{max-width:calc(100% \/ var(--e-image-carousel-slides-to-show, 3))}<\/style>\t\t<div class=\"elementor-image-carousel-wrapper swiper\" dir=\"ltr\">\n\t\t\t<div class=\"elementor-image-carousel swiper-wrapper\" aria-live=\"off\">\n\t\t\t\t\t\t\t\t<div class=\"swiper-slide\" role=\"group\" aria-roledescription=\"slide\" aria-label=\"1 of 5\"><figure class=\"swiper-slide-inner\"><img decoding=\"async\" class=\"swiper-slide-image\" src=\"https:\/\/darelkhoms.ly\/wp-content\/uploads\/2024\/05\/molsa9at-2.png\" alt=\"molsa9at-2\" \/><\/figure><\/div><div class=\"swiper-slide\" role=\"group\" aria-roledescription=\"slide\" aria-label=\"2 of 5\"><figure class=\"swiper-slide-inner\"><img decoding=\"async\" class=\"swiper-slide-image\" src=\"https:\/\/darelkhoms.ly\/wp-content\/uploads\/2024\/02\/22525-min.png\" alt=\"22525-min\" \/><\/figure><\/div><div class=\"swiper-slide\" role=\"group\" aria-roledescription=\"slide\" aria-label=\"3 of 5\"><figure class=\"swiper-slide-inner\"><img decoding=\"async\" class=\"swiper-slide-image\" src=\"https:\/\/darelkhoms.ly\/wp-content\/uploads\/2024\/02\/08-min.png\" alt=\"08-min\" \/><\/figure><\/div><div class=\"swiper-slide\" role=\"group\" aria-roledescription=\"slide\" aria-label=\"4 of 5\"><figure class=\"swiper-slide-inner\"><img decoding=\"async\" class=\"swiper-slide-image\" src=\"https:\/\/darelkhoms.ly\/wp-content\/uploads\/2024\/02\/87845-OI3XBJ-778-Recupere-Recupere-min-1-1.png\" alt=\"87845-OI3XBJ-778-R\u00e9cup\u00e9r\u00e9-R\u00e9cup\u00e9r\u00e9-min (1)\" \/><\/figure><\/div><div class=\"swiper-slide\" role=\"group\" aria-roledescription=\"slide\" aria-label=\"5 of 5\"><figure class=\"swiper-slide-inner\"><img decoding=\"async\" class=\"swiper-slide-image\" src=\"https:\/\/darelkhoms.ly\/wp-content\/uploads\/2024\/02\/Free-Cosmetic-Tube-Mockup-min.png\" alt=\"Free-Cosmetic-Tube-Mockup-min\" \/><\/figure><\/div>\t\t\t<\/div>\n\t\t\t\t\t\t\t\t\t\t\t\t<div class=\"elementor-swiper-button elementor-swiper-button-prev\" role=\"button\" tabindex=\"0\">\n\t\t\t\t\t\t<svg aria-hidden=\"true\" class=\"e-font-icon-svg e-eicon-chevron-left\" viewBox=\"0 0 1000 1000\" xmlns=\"http:\/\/www.w3.org\/2000\/svg\"><path d=\"M646 125C629 125 613 133 604 142L308 442C296 454 292 471 292 487 292 504 296 521 308 533L604 854C617 867 629 875 646 875 663 875 679 871 692 858 704 846 713 829 713 812 713 796 708 779 692 767L438 487 692 225C700 217 708 204 708 187 708 171 704 154 692 142 675 129 663 125 646 125Z\"><\/path><\/svg>\t\t\t\t\t<\/div>\n\t\t\t\t\t<div class=\"elementor-swiper-button elementor-swiper-button-next\" role=\"button\" tabindex=\"0\">\n\t\t\t\t\t\t<svg aria-hidden=\"true\" class=\"e-font-icon-svg e-eicon-chevron-right\" viewBox=\"0 0 1000 1000\" xmlns=\"http:\/\/www.w3.org\/2000\/svg\"><path d=\"M696 533C708 521 713 504 713 487 713 471 708 454 696 446L400 146C388 133 375 125 354 125 338 125 325 129 313 142 300 154 292 171 292 187 292 204 296 221 308 233L563 492 304 771C292 783 288 800 288 817 288 833 296 850 308 863 321 871 338 875 354 875 371 875 388 867 400 854L696 533Z\"><\/path><\/svg>\t\t\t\t\t<\/div>\n\t\t\t\t\n\t\t\t\t\t\t\t\t\t<div class=\"swiper-pagination\"><\/div>\n\t\t\t\t\t\t\t\t\t<\/div>\n\t\t\t\t<\/div>\n\t\t\t\t<\/div>\n\t\t\t\t\t<\/div>\n\t\t<\/div>\n\t\t\t\t\t<\/div>\n\t\t<\/section>\n\t\t\t\t<\/div>\n\t\t","protected":false},"excerpt":{"rendered":"<p>Get to know Film Making and Printing Department In the Film Manufacturing and Printing Department at Al Khoms Printing House, we offer high-quality printing services on Pet-PVC film used in packaging. We take pride in providing innovative and advanced solutions to our customers in various industries such as water, milk, yogurt, and air fresheners. Our [&hellip;]<\/p>\n","protected":false},"author":1,"featured_media":0,"parent":0,"menu_order":0,"comment_status":"closed","ping_status":"closed","template":"elementor_header_footer","meta":{"inline_featured_image":false,"footnotes":""},"class_list":["post-5836","page","type-page","status-publish","hentry"],"yoast_head":"<!-- This site is optimized with the Yoast SEO plugin v22.9 - https:\/\/yoast.com\/wordpress\/plugins\/seo\/ -->\n<title>Film Making &amp; Printing in Libya | DAR EL-KHOMS for printing<\/title>\n<meta name=\"description\" content=\"In our film manufacturing and printing department, we offer high-quality printing on the pet-pvc film material used for packaging.\" \/>\n<meta name=\"robots\" content=\"index, follow, max-snippet:-1, max-image-preview:large, max-video-preview:-1\" \/>\n<link rel=\"canonical\" href=\"https:\/\/darelkhoms.ly\/en\/film-making-and-printing-department\/\" \/>\n<meta property=\"og:locale\" content=\"en_US\" \/>\n<meta property=\"og:type\" content=\"article\" \/>\n<meta property=\"og:title\" content=\"Film Making &amp; Printing in Libya | DAR EL-KHOMS for printing\" \/>\n<meta property=\"og:description\" content=\"In our film manufacturing and printing department, we offer high-quality printing on the pet-pvc film material used for packaging.\" \/>\n<meta property=\"og:url\" content=\"https:\/\/darelkhoms.ly\/en\/film-making-and-printing-department\/\" \/>\n<meta property=\"og:site_name\" content=\"\u062f\u0627\u0631 \u0627\u0644\u062e\u0645\u0633 \u0644\u0644\u0637\u0628\u0627\u0639\u0629\" \/>\n<meta property=\"article:modified_time\" content=\"2025-06-07T17:53:00+00:00\" \/>\n<meta property=\"og:image\" content=\"http:\/\/darelkhoms.ly\/wp-content\/uploads\/2024\/05\/molsa9at-2.png\" \/>\n<meta name=\"twitter:card\" content=\"summary_large_image\" \/>\n<meta name=\"twitter:label1\" content=\"Est. reading time\" \/>\n\t<meta name=\"twitter:data1\" content=\"2 minutes\" \/>\n<script type=\"application\/ld+json\" class=\"yoast-schema-graph\">{\"@context\":\"https:\/\/schema.org\",\"@graph\":[{\"@type\":\"WebPage\",\"@id\":\"https:\/\/darelkhoms.ly\/en\/film-making-and-printing-department\/\",\"url\":\"https:\/\/darelkhoms.ly\/en\/film-making-and-printing-department\/\",\"name\":\"Film Making & Printing in Libya | DAR EL-KHOMS for printing\",\"isPartOf\":{\"@id\":\"https:\/\/darelkhoms.ly\/#website\"},\"primaryImageOfPage\":{\"@id\":\"https:\/\/darelkhoms.ly\/en\/film-making-and-printing-department\/#primaryimage\"},\"image\":{\"@id\":\"https:\/\/darelkhoms.ly\/en\/film-making-and-printing-department\/#primaryimage\"},\"thumbnailUrl\":\"http:\/\/darelkhoms.ly\/wp-content\/uploads\/2024\/05\/molsa9at-2.png\",\"datePublished\":\"2024-03-01T11:02:43+00:00\",\"dateModified\":\"2025-06-07T17:53:00+00:00\",\"description\":\"In our film manufacturing and printing department, we offer high-quality printing on the pet-pvc film material used for packaging.\",\"breadcrumb\":{\"@id\":\"https:\/\/darelkhoms.ly\/en\/film-making-and-printing-department\/#breadcrumb\"},\"inLanguage\":\"en-US\",\"potentialAction\":[{\"@type\":\"ReadAction\",\"target\":[\"https:\/\/darelkhoms.ly\/en\/film-making-and-printing-department\/\"]}]},{\"@type\":\"ImageObject\",\"inLanguage\":\"en-US\",\"@id\":\"https:\/\/darelkhoms.ly\/en\/film-making-and-printing-department\/#primaryimage\",\"url\":\"http:\/\/darelkhoms.ly\/wp-content\/uploads\/2024\/05\/molsa9at-2.png\",\"contentUrl\":\"http:\/\/darelkhoms.ly\/wp-content\/uploads\/2024\/05\/molsa9at-2.png\"},{\"@type\":\"BreadcrumbList\",\"@id\":\"https:\/\/darelkhoms.ly\/en\/film-making-and-printing-department\/#breadcrumb\",\"itemListElement\":[{\"@type\":\"ListItem\",\"position\":1,\"name\":\"Home\",\"item\":\"http:\/\/darelkhoms.ly\/en\/\"},{\"@type\":\"ListItem\",\"position\":2,\"name\":\"Film Making and Printing Department\"}]},{\"@type\":\"WebSite\",\"@id\":\"https:\/\/darelkhoms.ly\/#website\",\"url\":\"https:\/\/darelkhoms.ly\/\",\"name\":\"\u062f\u0627\u0631 \u0627\u0644\u062e\u0645\u0633 \u0644\u0644\u0637\u0628\u0627\u0639\u0629\",\"description\":\"\u062e\u0628\u0631\u0627\u0621 \u0627\u0644\u0637\u0628\u0627\u0639\u0629 \u0648\u0627\u0644\u062a\u063a\u0644\u064a\u0641 \u0641\u064a \u0644\u064a\u0628\u064a\u0627\",\"potentialAction\":[{\"@type\":\"SearchAction\",\"target\":{\"@type\":\"EntryPoint\",\"urlTemplate\":\"https:\/\/darelkhoms.ly\/?s={search_term_string}\"},\"query-input\":\"required name=search_term_string\"}],\"inLanguage\":\"en-US\"}]}<\/script>\n<!-- \/ Yoast SEO plugin. -->","yoast_head_json":{"title":"Film Making & Printing in Libya | DAR EL-KHOMS for printing","description":"In our film manufacturing and printing department, we offer high-quality printing on the pet-pvc film material used for packaging.","robots":{"index":"index","follow":"follow","max-snippet":"max-snippet:-1","max-image-preview":"max-image-preview:large","max-video-preview":"max-video-preview:-1"},"canonical":"https:\/\/darelkhoms.ly\/en\/film-making-and-printing-department\/","og_locale":"en_US","og_type":"article","og_title":"Film Making & Printing in Libya | DAR EL-KHOMS for printing","og_description":"In our film manufacturing and printing department, we offer high-quality printing on the pet-pvc film material used for packaging.","og_url":"https:\/\/darelkhoms.ly\/en\/film-making-and-printing-department\/","og_site_name":"\u062f\u0627\u0631 \u0627\u0644\u062e\u0645\u0633 \u0644\u0644\u0637\u0628\u0627\u0639\u0629","article_modified_time":"2025-06-07T17:53:00+00:00","og_image":[{"url":"http:\/\/darelkhoms.ly\/wp-content\/uploads\/2024\/05\/molsa9at-2.png"}],"twitter_card":"summary_large_image","twitter_misc":{"Est. reading time":"2 minutes"},"schema":{"@context":"https:\/\/schema.org","@graph":[{"@type":"WebPage","@id":"https:\/\/darelkhoms.ly\/en\/film-making-and-printing-department\/","url":"https:\/\/darelkhoms.ly\/en\/film-making-and-printing-department\/","name":"Film Making & Printing in Libya | DAR EL-KHOMS for printing","isPartOf":{"@id":"https:\/\/darelkhoms.ly\/#website"},"primaryImageOfPage":{"@id":"https:\/\/darelkhoms.ly\/en\/film-making-and-printing-department\/#primaryimage"},"image":{"@id":"https:\/\/darelkhoms.ly\/en\/film-making-and-printing-department\/#primaryimage"},"thumbnailUrl":"http:\/\/darelkhoms.ly\/wp-content\/uploads\/2024\/05\/molsa9at-2.png","datePublished":"2024-03-01T11:02:43+00:00","dateModified":"2025-06-07T17:53:00+00:00","description":"In our film manufacturing and printing department, we offer high-quality printing on the pet-pvc film material used for packaging.","breadcrumb":{"@id":"https:\/\/darelkhoms.ly\/en\/film-making-and-printing-department\/#breadcrumb"},"inLanguage":"en-US","potentialAction":[{"@type":"ReadAction","target":["https:\/\/darelkhoms.ly\/en\/film-making-and-printing-department\/"]}]},{"@type":"ImageObject","inLanguage":"en-US","@id":"https:\/\/darelkhoms.ly\/en\/film-making-and-printing-department\/#primaryimage","url":"http:\/\/darelkhoms.ly\/wp-content\/uploads\/2024\/05\/molsa9at-2.png","contentUrl":"http:\/\/darelkhoms.ly\/wp-content\/uploads\/2024\/05\/molsa9at-2.png"},{"@type":"BreadcrumbList","@id":"https:\/\/darelkhoms.ly\/en\/film-making-and-printing-department\/#breadcrumb","itemListElement":[{"@type":"ListItem","position":1,"name":"Home","item":"http:\/\/darelkhoms.ly\/en\/"},{"@type":"ListItem","position":2,"name":"Film Making and Printing Department"}]},{"@type":"WebSite","@id":"https:\/\/darelkhoms.ly\/#website","url":"https:\/\/darelkhoms.ly\/","name":"\u062f\u0627\u0631 \u0627\u0644\u062e\u0645\u0633 \u0644\u0644\u0637\u0628\u0627\u0639\u0629","description":"\u062e\u0628\u0631\u0627\u0621 \u0627\u0644\u0637\u0628\u0627\u0639\u0629 \u0648\u0627\u0644\u062a\u063a\u0644\u064a\u0641 \u0641\u064a \u0644\u064a\u0628\u064a\u0627","potentialAction":[{"@type":"SearchAction","target":{"@type":"EntryPoint","urlTemplate":"https:\/\/darelkhoms.ly\/?s={search_term_string}"},"query-input":"required name=search_term_string"}],"inLanguage":"en-US"}]}},"_links":{"self":[{"href":"https:\/\/darelkhoms.ly\/en\/wp-json\/wp\/v2\/pages\/5836","targetHints":{"allow":["GET"]}}],"collection":[{"href":"https:\/\/darelkhoms.ly\/en\/wp-json\/wp\/v2\/pages"}],"about":[{"href":"https:\/\/darelkhoms.ly\/en\/wp-json\/wp\/v2\/types\/page"}],"author":[{"embeddable":true,"href":"https:\/\/darelkhoms.ly\/en\/wp-json\/wp\/v2\/users\/1"}],"replies":[{"embeddable":true,"href":"https:\/\/darelkhoms.ly\/en\/wp-json\/wp\/v2\/comments?post=5836"}],"version-history":[{"count":23,"href":"https:\/\/darelkhoms.ly\/en\/wp-json\/wp\/v2\/pages\/5836\/revisions"}],"predecessor-version":[{"id":8611,"href":"https:\/\/darelkhoms.ly\/en\/wp-json\/wp\/v2\/pages\/5836\/revisions\/8611"}],"wp:attachment":[{"href":"https:\/\/darelkhoms.ly\/en\/wp-json\/wp\/v2\/media?parent=5836"}],"curies":[{"name":"wp","href":"https:\/\/api.w.org\/{rel}","templated":true}]}}